{"id":2465,"date":"2020-02-09T22:51:16","date_gmt":"2020-02-09T21:51:16","guid":{"rendered":"https:\/\/www.kerzenstibele.it\/credits\/"},"modified":"2020-03-22T21:29:24","modified_gmt":"2020-03-22T20:29:24","slug":"credits","status":"publish","type":"page","link":"https:\/\/www.kerzenstibele.it\/it\/credits\/","title":{"rendered":"Credits"},"content":{"rendered":"<p>[et_pb_section fb_built=&#8221;1&#8243; admin_label=&#8221;Header&#8221; _builder_version=&#8221;4.4.1&#8243; use_background_color_gradient=&#8221;on&#8221; background_color_gradient_start=&#8221;rgba(249,249,249,0.23)&#8221; background_color_gradient_end=&#8221;rgba(255,255,255,0.22)&#8221; background_color_gradient_direction=&#8221;140deg&#8221; background_color_gradient_overlays_image=&#8221;on&#8221; background_image=&#8221;https:\/\/www.kerzenstibele.it\/wp-content\/uploads\/2020\/03\/kerzenStibele_Taufe_20180703_162542-1.jpg&#8221; max_width=&#8221;90%&#8221; custom_padding=&#8221;6vw||6vw|10vw|true|false&#8221; box_shadow_style=&#8221;preset4&#8243; box_shadow_horizontal=&#8221;30vw&#8221; box_shadow_vertical=&#8221;6vw&#8221; box_shadow_spread=&#8221;-20px&#8221; box_shadow_color=&#8221;#70c61f&#8221; box_shadow_spread_tablet=&#8221;&#8221; box_shadow_spread_phone=&#8221;&#8221; box_shadow_spread_last_edited=&#8221;on|desktop&#8221; locked=&#8221;off&#8221;][et_pb_row _builder_version=&#8221;4.0.9&#8243; width=&#8221;90%&#8221; max_width=&#8221;none&#8221; locked=&#8221;off&#8221;][et_pb_column type=&#8221;4_4&#8243; _builder_version=&#8221;4.0.9&#8243;][et_pb_text _builder_version=&#8221;4.3.2&#8243; header_font=&#8221;Mostra Nova Regular|700|||||||&#8221; header_font_size=&#8221;120px&#8221; header_font_size_tablet=&#8221;80px&#8221; header_font_size_phone=&#8221;60px&#8221; header_font_size_last_edited=&#8221;on|phone&#8221; locked=&#8221;off&#8221; text_font=&#8221;|600|||||||&#8221; text_line_height=&#8221;1.8em&#8221;]<\/p>\n<h1>Credits<\/h1>\n<p>[\/et_pb_text][\/et_pb_column][\/et_pb_row][\/et_pb_section][et_pb_section fb_built=&#8221;1&#8243; custom_padding_last_edited=&#8221;on|phone&#8221; admin_label=&#8221;Contact Info&#8221; _builder_version=&#8221;4.0.9&#8243; custom_padding=&#8221;||||true&#8221; custom_padding_tablet=&#8221;0px||0px||true|false&#8221; custom_padding_phone=&#8221;&#8221;][et_pb_row column_structure=&#8221;1_2,1_2&#8243; _builder_version=&#8221;4.0.9&#8243;][et_pb_column type=&#8221;1_2&#8243; _builder_version=&#8221;4.0.9&#8243;][et_pb_text _builder_version=&#8221;4.3.2&#8243; text_font=&#8221;Arial||||||||&#8221; text_font_size=&#8221;18px&#8221; link_text_color=&#8221;#000000&#8243; header_font=&#8221;||||||||&#8221; header_2_font=&#8221;Playfair Display|700|||||||&#8221; header_2_font_size=&#8221;20px&#8221; header_2_line_height=&#8221;1.8em&#8221; max_width=&#8221;800px&#8221; link_option_url=&#8221;#&#8221; text_font_size_tablet=&#8221;18px&#8221; text_font_size_phone=&#8221;18px&#8221; text_font_size_last_edited=&#8221;on|desktop&#8221; locked=&#8221;off&#8221;]<\/p>\n<h2>Committente e responsabile per i contenuti:<\/h2>\n<p>Simone Kroess<\/p>\n<p>Via August Kleeberg 23<br \/>\n39025 &#8211; Naturno<br \/>\nProvincia di Bolzano<br \/>\nAlto Adige \u2013 Italia<\/p>\n<p>PEC Email: info@pec.kerzenstibele.it<br \/>\nEmail: info@kerzenstibele.it<br \/>\nSitoweb: www.kerzenstibele.it<\/p>\n<p>Tel.: +39\u00a0333 997 5064<br \/>\nP.IVA.\u00a0\u00a002961550213<br \/>\nCod. Fisc. KRSSMN94P42I729J<br \/>\nCamera di Commercio di Bolzano No. BZ \u2013 220170[\/et_pb_text][\/et_pb_column][et_pb_column type=&#8221;1_2&#8243; _builder_version=&#8221;4.0.9&#8243;][et_pb_text _builder_version=&#8221;4.3.2&#8243; text_font=&#8221;Arial||||||||&#8221; text_font_size=&#8221;18px&#8221; link_text_color=&#8221;#000000&#8243; header_font=&#8221;||||||||&#8221; header_2_font=&#8221;Playfair Display|700|||||||&#8221; header_2_font_size=&#8221;20px&#8221; header_2_line_height=&#8221;1.8em&#8221; max_width=&#8221;800px&#8221; link_option_url=&#8221;#&#8221; text_font_size_tablet=&#8221;18px&#8221; text_font_size_phone=&#8221;18px&#8221; text_font_size_last_edited=&#8221;on|desktop&#8221; locked=&#8221;off&#8221;]<\/p>\n<h2 style=\"text-align: center;\">Concezione, design e programmazione:<\/h2>\n<p style=\"text-align: center;\">kurisMEDiA di Raffeiner Kurt<\/p>\n<p style=\"text-align: center;\"><a href=\"mailto:info@kurismedia.com\">info@kurismedia.com<\/a><\/p>\n<p style=\"text-align: center;\"><a href=\"https:\/\/www.kurismedia.com\/\">www.kurismedia.com<\/a><\/p>\n<p><a title=\"kurisMEDiA\" href=\"https:\/\/kurismedia.com\" target=\"_blank\" rel=\"noopener noreferrer\"><img loading=\"lazy\" decoding=\"async\" class=\"wp-image-45 alignnone size-medium\" style=\"display: block; margin-left: auto; margin-right: auto;\" src=\"https:\/\/www.kerzenstibele.it\/wp-content\/uploads\/2020\/02\/kurismedia_rund-300x300.png\" alt=\"\" width=\"202\" height=\"202\" \/><\/a>[\/et_pb_text][\/et_pb_column][\/et_pb_row][\/et_pb_section][et_pb_section fb_built=&#8221;1&#8243; _builder_version=&#8221;4.3.2&#8243; background_color=&#8221;#2d2e31&#8243; min_height=&#8221;652px&#8221; custom_padding=&#8221;||0px|||&#8221;][et_pb_row column_structure=&#8221;1_2,1_2&#8243; padding_left_right_link_1=&#8221;true&#8221; _builder_version=&#8221;4.3.2&#8243; width=&#8221;100%&#8221; max_width=&#8221;100%&#8221; custom_padding=&#8221;0vw|10vw|0px|10vw|false|true&#8221; use_custom_width=&#8221;on&#8221; width_unit=&#8221;off&#8221; custom_width_percent=&#8221;100%&#8221;][et_pb_column type=&#8221;1_2&#8243; _builder_version=&#8221;3.25&#8243; custom_padding=&#8221;|||&#8221; custom_padding__hover=&#8221;|||&#8221;][et_pb_toggle title=&#8221;1. Contenuto&#8221; _builder_version=&#8221;4.3.2&#8243;]I contenuti e le informazioni presenti su questo sito Web sono stati da noi accuratamente controllati. Ci\u00f2 nonostante non ci assumiamo alcuna responsabilit\u00e0 n\u00e9 forniamo garanzie circa la loro esattezza e completezza. Ci riserviamo il diritto di aggiornare, modificare o integrare senza preavviso le informazioni messe a disposizione.[\/et_pb_toggle][et_pb_toggle title=&#8221;2. Rimandi e link&#8221; _builder_version=&#8221;4.3.2&#8243;]Non ci assumiamo alcuna responsabilit\u00e0 per i contenuti dei link esterni. La responsabilit\u00e0 per il contenuto delle pagine visitabili tramite i link \u00e8 esclusivamente dei gestori delle pagine.[\/et_pb_toggle][et_pb_toggle title=&#8221;3. Copyright (diritto d&#8217;autore e dei segni distintivi)&#8221; _builder_version=&#8221;4.3.2&#8243;]Il contenuto di questo sito Web \u00e8 protetto da copyright e non pu\u00f2 essere riprodotto o utilizzato in altre pubblicazioni stampate o elettroniche senza la nostra espressa autorizzazione.[\/et_pb_toggle][et_pb_toggle title=&#8221;4. SSL- codifica&#8221; _builder_version=&#8221;4.3.2&#8243;]Questo sito utilizza la crittografia SSL per motivi di sicurezza e per la protezione della trasmissione di contenuti riservati, come le richieste inviate a noi come operatore del sito. Una connessione crittografata indica che la linea di indirizzo del browser cambia da \u201chttp\u201d a \u201chttps\u201d e dall\u2019icona di blocco nella linea del browser.<br \/>\nSe la crittografia SSL \u00e8 attivata, i dati che ci trasferiscono non possono essere letti da terzi.[\/et_pb_toggle][et_pb_toggle title=&#8221;5. Validit\u00e0 giuridica&#8221; _builder_version=&#8221;4.3.2&#8243;]Qualora parti o singole formulazioni del presente testo non corrispondano, non corrispondano pi\u00f9 o non corrispondano integralmente alla vigente situazione giuridica, restano comunque immutati il contenuto e la validit\u00e0 delle altre parti del documento. Dall\u2019uso del sito Web non deriva alcun diritto n\u00e9 alcun contratto. Le controversie giuridiche sono risolte presso il Tribunale per noi competente.[\/et_pb_toggle][\/et_pb_column][et_pb_column type=&#8221;1_2&#8243; _builder_version=&#8221;3.25&#8243; custom_padding=&#8221;|||&#8221; custom_padding__hover=&#8221;|||&#8221;][et_pb_toggle title=&#8221;6. Google Analytics&#8221; _builder_version=&#8221;4.3.2&#8243;]Avvertiamo, che su questo sito \u00e8 in uso Google Analytics, un servizio analitico della Google Inc. (\u201cGoogle\u201d).[\/et_pb_toggle][et_pb_toggle title=&#8221;7. Google Maps&#8221; _builder_version=&#8221;4.3.2&#8243;]Integriamo le mappe del servizio \u201cGoogle Maps\u201d del fornitore Google LLC, 1600 Amphitheatre Parkway, Mountain View, CA 94043, USA. Tra i dati trattati possono rientrare in particolare gli indirizzi IP e i dati di posizione degli utenti, questi tuttavia non vengono acquisiti senza il loro consenso (di norma nell\u2019ambito delle impostazioni dei loro apparecchi mobili). I dati possono essere trattati negli USA.<br \/>\nInformativa sulla privacy: https:\/\/www.google.com\/policies\/privacy\/, Opt-Out: https:\/\/adssettings.google.com\/authenticated[\/et_pb_toggle][et_pb_toggle title=&#8221;8. Google Fonts&#8221; _builder_version=&#8221;4.3.2&#8243;]Integriamo i font (\u201cGoogle Fonts\u201d) del provider Google LLC, 1600 Amphitheatre Parkway, Mountain View, CA 94043, USA. Informativa sulla privacy: https:\/\/www.google.com\/policies\/privacy\/, Opt-Out: https:\/\/adssettings.google.com\/authenticated[\/et_pb_toggle][et_pb_toggle title=&#8221;9. WhatsApp&#8221; _builder_version=&#8221;4.3.2&#8243;]Avvertiamo, che su questo sito \u00e8 in uso WhatsApp, un servizio di comunicazione della Facebook Inc. (\u201cFacebook\u201d).[\/et_pb_toggle][et_pb_toggle title=&#8221;10. Video, musica &amp; immagini&#8221; _builder_version=&#8221;4.3.2&#8243;]Copyright kurisMEDiA, Kroess Simone, kerzenStibele[\/et_pb_toggle][\/et_pb_column][\/et_pb_row][et_pb_row _builder_version=&#8221;4.3.4&#8243;][et_pb_column type=&#8221;4_4&#8243; _builder_version=&#8221;4.3.4&#8243;][et_pb_toggle title=&#8221;11. Risoluzione delle controversie online (ODR)&#8221; _builder_version=&#8221;4.3.2&#8243;]Informazione obbligatoria ai sensi del Regolamento UE n. 524\/2016 del Parlamento europeo e del Consiglio Piattaforma per la risoluzione delle controversie online dei consumatori (ODR) della Commissione europea: https:\/\/www.ec.europa.eu\/consumers\/odr[\/et_pb_toggle][\/et_pb_column][\/et_pb_row][\/et_pb_section][et_pb_section fb_built=&#8221;1&#8243; fullwidth=&#8221;on&#8221; _builder_version=&#8221;4.1&#8243;][et_pb_fullwidth_map address=&#8221;Via August Kleeberg, 23, 39025 Naturno BZ, Italien&#8221; address_lat=&#8221;46.647238&#8243; address_lng=&#8221;11.000135&#8243; mouse_wheel=&#8221;off&#8221; _builder_version=&#8221;4.3.2&#8243; filter_saturate=&#8221;0%&#8221;][et_pb_map_pin title=&#8221;kerzenStibele&#8221; pin_address=&#8221;Via August Kleeberg, 23, 39025 Naturno BZ, Italien&#8221; pin_address_lat=&#8221;46.647238&#8243; pin_address_lng=&#8221;11.000135&#8243; _builder_version=&#8221;4.3.2&#8243;][\/et_pb_map_pin][\/et_pb_fullwidth_map][\/et_pb_section]<\/p>\n","protected":false},"excerpt":{"rendered":"<p>CreditsCommittente e responsabile per i contenuti: Simone Kroess Via August Kleeberg 23 39025 &#8211; Naturno Provincia di Bolzano Alto Adige \u2013 Italia PEC Email: info@pec.kerzenstibele.it Email: info@kerzenstibele.it Sitoweb: www.kerzenstibele.it Tel.: [&hellip;]<\/p>\n","protected":false},"author":1,"featured_media":0,"parent":0,"menu_order":0,"comment_status":"closed","ping_status":"closed","template":"","meta":{"_et_pb_use_builder":"on","_et_pb_old_content":"","_et_gb_content_width":"","footnotes":""},"class_list":["post-2465","page","type-page","status-publish","hentry"],"aioseo_notices":[],"_links":{"self":[{"href":"https:\/\/www.kerzenstibele.it\/it\/wp-json\/wp\/v2\/pages\/2465","targetHints":{"allow":["GET"]}}],"collection":[{"href":"https:\/\/www.kerzenstibele.it\/it\/wp-json\/wp\/v2\/pages"}],"about":[{"href":"https:\/\/www.kerzenstibele.it\/it\/wp-json\/wp\/v2\/types\/page"}],"author":[{"embeddable":true,"href":"https:\/\/www.kerzenstibele.it\/it\/wp-json\/wp\/v2\/users\/1"}],"replies":[{"embeddable":true,"href":"https:\/\/www.kerzenstibele.it\/it\/wp-json\/wp\/v2\/comments?post=2465"}],"version-history":[{"count":0,"href":"https:\/\/www.kerzenstibele.it\/it\/wp-json\/wp\/v2\/pages\/2465\/revisions"}],"wp:attachment":[{"href":"https:\/\/www.kerzenstibele.it\/it\/wp-json\/wp\/v2\/media?parent=2465"}],"curies":[{"name":"wp","href":"https:\/\/api.w.org\/{rel}","templated":true}]}}