{"id":2543,"date":"2020-02-01T18:32:39","date_gmt":"2020-02-01T17:32:39","guid":{"rendered":"https:\/\/www.kerzenstibele.it\/cookie-policy\/"},"modified":"2020-03-22T21:29:27","modified_gmt":"2020-03-22T20:29:27","slug":"cookie-policy","status":"publish","type":"page","link":"https:\/\/www.kerzenstibele.it\/it\/cookie-policy\/","title":{"rendered":"Cookie Policy"},"content":{"rendered":"<p>[et_pb_section fb_built=&#8221;1&#8243; admin_label=&#8221;Header&#8221; _builder_version=&#8221;4.4.1&#8243; use_background_color_gradient=&#8221;on&#8221; background_color_gradient_start=&#8221;rgba(249,249,249,0.23)&#8221; background_color_gradient_end=&#8221;rgba(255,255,255,0.22)&#8221; background_color_gradient_direction=&#8221;140deg&#8221; background_color_gradient_overlays_image=&#8221;on&#8221; background_image=&#8221;https:\/\/www.kerzenstibele.it\/wp-content\/uploads\/2020\/03\/kerzenStibele_Weihnachten_20191123_153408-1.jpg&#8221; max_width=&#8221;90%&#8221; custom_padding=&#8221;6vw||6vw|10vw|true|false&#8221; box_shadow_style=&#8221;preset4&#8243; box_shadow_horizontal=&#8221;30vw&#8221; box_shadow_vertical=&#8221;6vw&#8221; box_shadow_spread=&#8221;-20px&#8221; box_shadow_color=&#8221;#70c61f&#8221; box_shadow_spread_tablet=&#8221;&#8221; box_shadow_spread_phone=&#8221;&#8221; box_shadow_spread_last_edited=&#8221;on|desktop&#8221; locked=&#8221;off&#8221;][et_pb_row _builder_version=&#8221;4.0.9&#8243; width=&#8221;90%&#8221; max_width=&#8221;none&#8221; locked=&#8221;off&#8221;][et_pb_column type=&#8221;4_4&#8243; _builder_version=&#8221;4.0.9&#8243;][et_pb_text _builder_version=&#8221;4.4.1&#8243; header_font=&#8221;Mostra Nova Regular|700|||||||&#8221; header_font_size=&#8221;120px&#8221; header_font_size_tablet=&#8221;80px&#8221; header_font_size_phone=&#8221;50px&#8221; header_font_size_last_edited=&#8221;on|phone&#8221; locked=&#8221;off&#8221; text_font=&#8221;|600|||||||&#8221; text_line_height=&#8221;1.8em&#8221; hover_enabled=&#8221;0&#8243;]<\/p>\n<h1>Cookie Policy<\/h1>\n<p>[\/et_pb_text][\/et_pb_column][\/et_pb_row][\/et_pb_section][et_pb_section fb_built=&#8221;1&#8243; custom_padding_last_edited=&#8221;on|phone&#8221; admin_label=&#8221;Contact Info&#8221; _builder_version=&#8221;4.0.9&#8243; custom_padding=&#8221;||||true&#8221; custom_padding_tablet=&#8221;0px||0px||true|false&#8221; custom_padding_phone=&#8221;&#8221;][et_pb_row _builder_version=&#8221;4.0.9&#8243;][et_pb_column type=&#8221;4_4&#8243; _builder_version=&#8221;4.0.9&#8243;][et_pb_text _builder_version=&#8221;4.4.1&#8243; text_font=&#8221;Arial||||||||&#8221; text_font_size=&#8221;18px&#8221; link_text_color=&#8221;#000000&#8243; header_font=&#8221;||||||||&#8221; header_2_font=&#8221;Playfair Display|700|||||||&#8221; header_2_font_size=&#8221;20px&#8221; header_2_line_height=&#8221;1.8em&#8221; max_width=&#8221;800px&#8221; link_option_url=&#8221;#&#8221; text_font_size_tablet=&#8221;18px&#8221; text_font_size_phone=&#8221;18px&#8221; text_font_size_last_edited=&#8221;on|desktop&#8221; locked=&#8221;off&#8221;]<\/p>\n<h3 class=\"et_pb_module_header\">Cosa sono i cookie?<\/h3>\n<div class=\"et_pb_blurb_description\">I cookie sono piccoli file di testo che vengono salvati sul tuo computer quando visiti determinati siti internet.Per il sito web di Farmacia Solaris e relativi sotto-domini utilizziamo cookie, chiedendone il consenso all\u2019utente ove la legge o i regolamenti applicabili lo prevedano, per agevolare la navigazione e personalizzare le informazioni rivolte all\u2019utente. Utilizziamo inoltre sistemi simili per raccogliere informazioni sugli utenti, quali ad esempio indirizzo IP, tipo di browser e sistema operativo utilizzato e\/o pagine web visitate da un utente, per finalit\u00e0 statistiche o di sicurezza.<br \/>\nTi informiamo che se deciderai di disabilitare o rifiutare i cookie alcune parti del sito\u00a0relativi sotto-domini potrebbero essere inaccessibili o non funzionare correttamente.<br \/>\nPertanto per un utilizzo agevolato e completo di questo sito sarebbe opportuno che l\u2019utente configurasse il proprio browser in modo che accetti la ricezione di tali cookie<br \/>\nI cookie non sono dannosi per il tuo computer, tablet o smartphone. Nei cookie generati dal sito servate dati identificative personali ma solo informazioni criptate.<\/p>\n<h3 class=\"et_pb_module_header\">Tipologie di cookie<\/h3>\n<div class=\"et_pb_blurb_description\">Il sito e\u00a0relativi sotto-domini utilizzano i seguenti cookie:<\/div>\n<div>\n<h3 class=\"et_pb_module_header\">Cookie tecnici<\/h3>\n<div class=\"et_pb_blurb_description\">Questi cookie sono fondamentali per permetterti di navigare sul sito ed utilizzare le sue funzionalit\u00e0. Senza cookie \u00e8 possibile che alcune funzionalit\u00e0 non siano accessibili o non funzionino correttamente.<br \/>\nI cookie strettamente necessari sono utilizzati per memorizzare un identificatore al fine di individuare l\u2019utente in modo unico rispetto ad altri utenti, in modo da fornire all\u2019utente un servizio coerente e preciso.<\/div>\n<\/div>\n<div>\n<h3 class=\"et_pb_module_header\">Performance cookie<\/h3>\n<div class=\"et_pb_blurb_description\">Questi cookie possono essere nostri o di partner, di sessione o persistenti. Il loro utilizzo \u00e8 limitato alla performance e al miglioramento del sito. Questi cookie non raccolgono informazioni che possono identificare l\u2019utente. Tutte le informazioni raccolte da questi cookie sono aggregate in forma anonima e sono utilizzate solo per migliorare la funzionalit\u00e0 del sito.<\/div>\n<\/div>\n<div>\n<h3 class=\"et_pb_module_header\">Cookie funzionali<\/h3>\n<div class=\"et_pb_blurb_description\">I cookie solitamente sono conseguenti ad un\u2019azione dell\u2019utente, ma possono essere anche implementati nella fornitura di un servizio, non esplicitamente richiesto, ma offerto all\u2019utente. Possono essere inoltre utilizzati per evitare di offrire nuovamente ad uno specifico utente un servizio gi\u00e0 proposto. Inoltre, questi cookie permettono al sito di tenere traccia delle scelte dell\u2019utente. Le informazioni raccolte da questi cookie sono anonime e non possono ricondurre il comportamento dell\u2019utente su altri siti.<\/div>\n<\/div>\n<div>\n<h3 class=\"et_pb_module_header\">Cookie di terze parti per marketing<\/h3>\n<div class=\"et_pb_blurb_description\">Questi cookie sono utilizzati da partner del sito, al fine di proporre nostri messaggi pubblicitari quando visiti altri siti, mostrando ad esempio gli ultimi prodotti che hai visualizzato sul sito. Questi cookie possono essere utilizzati anche per mostrare prodotti che potrebbero interessarti o simili a quelli che hai visualizzato precedentemente. L\u2019uso di questi cookie non implica il trattamento di dati personali, ma pu\u00f2 consentire la connessione al browser installato sul tuo computer o su altri dispositivi utilizzati durante la navigazione.<\/div>\n<\/div>\n<\/div>\n<div>\n<h3 class=\"et_pb_module_header\">Elenco dei Cookie<\/h3>\n<div class=\"et_pb_blurb_description\">\n<p class=\"p1\"><span class=\"s1\">Elenco di tutti i cookie utilizzati sul sito<\/span><\/p>\n<ul>\n<li><strong>wp-settings-1*, WordPress<\/strong><\/li>\n<li><strong>wp-settings-time-1*, WordPress<\/strong><\/li>\n<li><strong>_icl_current_language , WPML.org<\/strong><\/li>\n<li><strong>_icl_visitor_lang_js<\/strong>,\u00a0<strong>org<\/strong><\/li>\n<li><strong>_wpml_browser_redirect_test<\/strong>,\u00a0<strong>org<\/strong><\/li>\n<li><strong>_ga, allgemeines Cookie von Google Analytics<\/strong><\/li>\n<li><strong>_utmb, Cookie von Google Analytics f\u00fcr das ann\u00e4hernde Feststellen der Absprungrate (bounce rate) auf den Seiten<\/strong><\/li>\n<li><strong>_utmz, Cookie von Google Analytics f\u00fcr die Verfolgung der Herkunft einer Anfrage (von Links, Lesezeichen, Suchmaschinen etc.)<\/strong><\/li>\n<li><strong>_gat, Google Analytics<\/strong><\/li>\n<li><strong>_gid, Google Analytics<\/strong><\/li>\n<li><strong>_gat_gtag<\/strong>_\u00a0<strong>UA-157547512-1<\/strong><strong>, Google Analytics<\/strong><\/li>\n<\/ul>\n<h3><strong>Come disabilitare i cookie<\/strong><\/h3>\n<p>Le norme sulla protezione dei dati personali prevedono che l\u2019utente possa disabilitare cookie gi\u00e0 somministrati (\u201copt-out\u201d). L\u2019opt-out \u00e8 previsto per i cd. \u201ccookie tecnici\u201d (art.122 del Codice della Privacy),nonch\u00e9 per i cookie che non rientrino tra i \u201ccookie tecnici\u201d precedentemente accettati (\u201copt in\u201d) dall\u2019utente.<strong>\u00a0<\/strong><\/p>\n<p>&nbsp;<\/p>\n<p><strong>Come disabilitare i cookie nei vari browser\u00a0<\/strong><\/p>\n<p><strong>Internet Explorer<\/strong><br \/>\nPer informazioni dettagliate, si prega di visitare il sito:<br \/>\n<a href=\"https:\/\/support.microsoft.com\/it-it\/products\/windows?os=windows-10\">https:\/\/support.microsoft.com\/it-it\/products\/windows?os=windows-10<\/a><\/p>\n<p><strong>Firefox<\/strong><br \/>\nPer informazioni dettagliate, si prega di visitare il sito:<br \/>\n<a href=\"https:\/\/support.mozilla.org\/it\/kb\/Bloccare%20i%20cookie\">https:\/\/support.mozilla.org\/it\/kb\/Bloccare%20i%20cookie<\/a><strong>\u00a0<\/strong><\/p>\n<p><strong>Safari<\/strong><br \/>\nPer informazioni dettagliate, si prega di visitare il sito:<br \/>\n<a href=\"https:\/\/support.apple.com\/kb\/PH5042?locale=en_US\">https:\/\/support.apple.com\/kb\/PH5042?locale=en_US<\/a><\/p>\n<p><strong>Google Chrome<\/strong><br \/>\nPer informazioni dettagliate, si prega di visitare il sito:<br \/>\n<a href=\"https:\/\/support.google.com\/chrome\/answer\/95647?hl=it\">https:\/\/support.google.com\/chrome\/answer\/95647?hl=it<\/a><\/p>\n<p>In forza di tale distinzione, l\u2019utente potr\u00e0 procedere alla disabilitazione e\/o cancellazione dei cookie (\u201copt-out\u201d) mediante le relative impostazioni del proprio browser e alla disabilitazione e\/o cancellazione dei singoli cookie non \u201ctecnici\u201d somministrati dalle terze parti accedendo al sito web gestito da European Interactive Digital Advertising Alliance (EDAA) all\u2019indirizzo\u00a0<a href=\"http:\/\/www.youronlinechoices.eu\/\">www.youronlinechoices.eu<\/a>.<\/p>\n<p>&nbsp;<\/p>\n<h3 class=\"et_pb_module_header\">Per informazioni generali su Google Analytics<\/h3>\n<div class=\"et_pb_blurb_description\">\n<p class=\"p1\">A questo proposito segnaliamo che i profiling cookie utilizzati in questo sito non memorizzano dati personali e che non saranno generati profili di utilizzo con i Suoi dati personali. Attraverso i profiling cookie nessuna persona pu\u00f2 essere identificata, ma verranno memorizzate solo informazioni che consentono informazioni anonime per la gestione mirata di campagne di marketing basate sugli interessi.<\/p>\n<p>Se si vuole evitare l\u2019utilizzo dei profiling cookie, li blocchi direttamente tramite il browser!<\/p>\n<p>Utilizzando il presente sito Lei acconsente al trattamento dei Suoi dati da parte di Google e\/o altri servizi di analisi web nel modo precedentemente descritto e per gli scopi di cui sopra.<\/p>\n<p>Monitoraggio Web \u2013 Web tracking \u2013 Google Analytics<br \/>\nAl fine di continuamente migliorare e ottimizzare il nostro servizio, usiamo le cosiddette tecnologie di tracciamento. Questo sito web utilizza Google Analytics, un servizio di analisi web fornito da Google, Inc. (\u201cGoogle\u201d). Google Analy-tics utilizza dei cookie, che consentono l\u2019analisi del Suo utilizzo del sito web con lo scopo di determinare l\u2019attrattivit\u00e0 dei nostri siti web e migliorarne le performances ed i contenuti. Le informazioni generate dal cookie sull\u2019utilizzo del sito web (compreso il Suo indirizzo IP) verranno trasmesse a un server di Google negli Stati Uniti e ivi memorizzate. A nome del gestore di questo sito, Google utilizzer\u00e0 queste informazioni per valutare l\u2019utilizzo del sito web, compilare report sulle attivit\u00e0 del sito web e fornire altri servizi collegati all\u2019uso del sito e di internet per il gestore del sito web. Inoltre, queste informazioni saranno eventualmente trasferite da Google a terzi laddove ci\u00f2 sia imposto dalla legge o laddove tali terzi trattino le suddette informazioni per conto di Google e\/o di altri service provider di analisi web. In nessun caso il Suo indirizzo IP verr\u00e0 associato con altri dati di Google e\/o di altri service provider di analisi web.<\/p>\n<p>Pu\u00f2 rifiutarsi di usare i cookie selezionando l\u2019impostazione appropriata sul Suo browser; ma segnaliamo che in questo caso eventualmente non potr\u00e0 utilizzare tutte le funzionalit\u00e0 di questo sito web. \u00c8 inoltre possibile impedire la registra-zione dei dati generati dal cookie e riguardanti l\u2019utilizzo del sito web (incluso il Suo indirizzo IP) da parte di Google e il trattamento di tali dati da parte di Google, scaricando e installando il plugin per il browser disponibile sotto\u00a0<a title=\"tools.google.com\/dlpage\/gaoptout\" href=\"https:\/\/www.idm-suedtirol.com\/it\/tools.google.com\/dlpage\/gaoptout\" target=\"_blank\" rel=\"noopener noreferrer\">tools.google.com\/dlpage\/gaoptout<\/a>.<\/p>\n<p>Per informazioni generali su Google Analytics e la protezione dei dati, vedere\u00a0<a title=\"http:\/\/www.google.com\/intl\/de\/analytics\/learn\/privacy.html\" href=\"http:\/\/www.google.com\/intl\/de\/analytics\/learn\/privacy.html\" target=\"_blank\" rel=\"noopener noreferrer\">http:\/\/www.google.com\/intl\/de\/analytics\/learn\/privacy.html<\/a>.<\/p>\n<\/div>\n<\/div>\n<\/div>\n<p>[\/et_pb_text][\/et_pb_column][\/et_pb_row][\/et_pb_section][et_pb_section fb_built=&#8221;1&#8243; fullwidth=&#8221;on&#8221; _builder_version=&#8221;4.1&#8243;][et_pb_fullwidth_map address=&#8221;Via August Kleeberg, 23, 39025 Naturno BZ, Italien&#8221; address_lat=&#8221;46.647238&#8243; address_lng=&#8221;11.000135&#8243; mouse_wheel=&#8221;off&#8221; _builder_version=&#8221;4.3.2&#8243; filter_saturate=&#8221;0%&#8221;][et_pb_map_pin title=&#8221;kerzenStibele&#8221; pin_address=&#8221;Via August Kleeberg, 23, 39025 Naturno BZ, Italien&#8221; pin_address_lat=&#8221;46.647238&#8243; pin_address_lng=&#8221;11.000135&#8243; _builder_version=&#8221;4.3.2&#8243;][\/et_pb_map_pin][\/et_pb_fullwidth_map][\/et_pb_section]<\/p>\n","protected":false},"excerpt":{"rendered":"<p>Cookie PolicyCosa sono i cookie? I cookie sono piccoli file di testo che vengono salvati sul tuo computer quando visiti determinati siti internet.Per il sito web di Farmacia Solaris e [&hellip;]<\/p>\n","protected":false},"author":1,"featured_media":0,"parent":0,"menu_order":0,"comment_status":"closed","ping_status":"open","template":"","meta":{"_et_pb_use_builder":"on","_et_pb_old_content":"","_et_gb_content_width":"","footnotes":""},"class_list":["post-2543","page","type-page","status-publish","hentry"],"aioseo_notices":[],"_links":{"self":[{"href":"https:\/\/www.kerzenstibele.it\/it\/wp-json\/wp\/v2\/pages\/2543","targetHints":{"allow":["GET"]}}],"collection":[{"href":"https:\/\/www.kerzenstibele.it\/it\/wp-json\/wp\/v2\/pages"}],"about":[{"href":"https:\/\/www.kerzenstibele.it\/it\/wp-json\/wp\/v2\/types\/page"}],"author":[{"embeddable":true,"href":"https:\/\/www.kerzenstibele.it\/it\/wp-json\/wp\/v2\/users\/1"}],"replies":[{"embeddable":true,"href":"https:\/\/www.kerzenstibele.it\/it\/wp-json\/wp\/v2\/comments?post=2543"}],"version-history":[{"count":0,"href":"https:\/\/www.kerzenstibele.it\/it\/wp-json\/wp\/v2\/pages\/2543\/revisions"}],"wp:attachment":[{"href":"https:\/\/www.kerzenstibele.it\/it\/wp-json\/wp\/v2\/media?parent=2543"}],"curies":[{"name":"wp","href":"https:\/\/api.w.org\/{rel}","templated":true}]}}